{"id":1206,"date":"2024-03-27T08:00:59","date_gmt":"2024-03-27T05:00:59","guid":{"rendered":"https:\/\/southwesternrecruitment.com\/avaleht\/"},"modified":"2025-11-19T16:35:28","modified_gmt":"2025-11-19T13:35:28","slug":"avaleht","status":"publish","type":"page","link":"https:\/\/southwesternrecruitment.com\/lv\/","title":{"rendered":"S\u0101kumlapa"},"content":{"rendered":"","protected":false},"excerpt":{"rendered":"","protected":false},"author":1,"featured_media":1198,"parent":0,"menu_order":0,"comment_status":"closed","ping_status":"closed","template":"templates\/homepage.php","meta":{"_acf_changed":false,"footnotes":""},"class_list":["post-1206","page","type-page","status-publish","has-post-thumbnail","hentry"],"acf":[],"yoast_head":"<!-- This site is optimized with the Yoast SEO plugin v27.3 - https:\/\/yoast.com\/product\/yoast-seo-wordpress\/ -->\n<title>S\u0101kumlapa - Southwestern Recruitment<\/title>\n<meta name=\"description\" content=\"Tavs person\u0101la atlases partneris Eirop\u0101! Ar ambicioziem uz\u0146\u0113mumiem Igaunij\u0101 un Eirop\u0101.\" \/>\n<meta name=\"robots\" content=\"index, follow, max-snippet:-1, max-image-preview:large, max-video-preview:-1\" \/>\n<link rel=\"canonical\" href=\"https:\/\/southwesternrecruitment.com\/lv\/\" \/>\n<meta property=\"og:locale\" content=\"lv_LV\" \/>\n<meta property=\"og:type\" content=\"article\" \/>\n<meta property=\"og:title\" content=\"S\u0101kumlapa - Southwestern Recruitment\" \/>\n<meta property=\"og:description\" content=\"Tavs person\u0101la atlases partneris Eirop\u0101! Ar ambicioziem uz\u0146\u0113mumiem Igaunij\u0101 un Eirop\u0101.\" \/>\n<meta property=\"og:url\" content=\"https:\/\/southwesternrecruitment.com\/lv\/\" \/>\n<meta property=\"og:site_name\" content=\"Southwestern Recruitment\" \/>\n<meta property=\"article:modified_time\" content=\"2025-11-19T13:35:28+00:00\" \/>\n<meta property=\"og:image\" content=\"https:\/\/southwesternrecruitment.com\/wp-content\/uploads\/2024\/04\/Screenshot-2024-04-08-at-15.55.53.png\" \/>\n\t<meta property=\"og:image:width\" content=\"1101\" \/>\n\t<meta property=\"og:image:height\" content=\"563\" \/>\n\t<meta property=\"og:image:type\" content=\"image\/png\" \/>\n<meta name=\"twitter:card\" content=\"summary_large_image\" \/>\n<meta name=\"twitter:label1\" content=\"Est. reading time\" \/>\n\t<meta name=\"twitter:data1\" content=\"11 minutes\" \/>\n<script type=\"application\/ld+json\" class=\"yoast-schema-graph\">{\"@context\":\"https:\\\/\\\/schema.org\",\"@graph\":[{\"@type\":\"ImageObject\",\"inLanguage\":\"lv-LV\",\"@id\":\"https:\\\/\\\/southwesternrecruitment.com\\\/lv\\\/#primaryimage\",\"url\":\"https:\\\/\\\/southwesternrecruitment.com\\\/wp-content\\\/uploads\\\/2024\\\/04\\\/Screenshot-2024-04-08-at-15.55.53.png\",\"contentUrl\":\"https:\\\/\\\/southwesternrecruitment.com\\\/wp-content\\\/uploads\\\/2024\\\/04\\\/Screenshot-2024-04-08-at-15.55.53.png\",\"width\":1101,\"height\":563,\"caption\":\"Avaleht, v\u00e4rbamispartner\"}]}<\/script>\n<!-- \/ Yoast SEO plugin. -->","yoast_head_json":{"title":"S\u0101kumlapa - Southwestern Recruitment","description":"Tavs person\u0101la atlases partneris Eirop\u0101! Ar ambicioziem uz\u0146\u0113mumiem Igaunij\u0101 un Eirop\u0101.","robots":{"index":"index","follow":"follow","max-snippet":"max-snippet:-1","max-image-preview":"max-image-preview:large","max-video-preview":"max-video-preview:-1"},"canonical":"https:\/\/southwesternrecruitment.com\/lv\/","og_locale":"lv_LV","og_type":"article","og_title":"S\u0101kumlapa - Southwestern Recruitment","og_description":"Tavs person\u0101la atlases partneris Eirop\u0101! Ar ambicioziem uz\u0146\u0113mumiem Igaunij\u0101 un Eirop\u0101.","og_url":"https:\/\/southwesternrecruitment.com\/lv\/","og_site_name":"Southwestern Recruitment","article_modified_time":"2025-11-19T13:35:28+00:00","og_image":[{"width":1101,"height":563,"url":"https:\/\/southwesternrecruitment.com\/wp-content\/uploads\/2024\/04\/Screenshot-2024-04-08-at-15.55.53.png","type":"image\/png"}],"twitter_card":"summary_large_image","twitter_misc":{"Est. reading time":"11 minutes"},"schema":{"@context":"https:\/\/schema.org","@graph":[{"@type":"ImageObject","inLanguage":"lv-LV","@id":"https:\/\/southwesternrecruitment.com\/lv\/#primaryimage","url":"https:\/\/southwesternrecruitment.com\/wp-content\/uploads\/2024\/04\/Screenshot-2024-04-08-at-15.55.53.png","contentUrl":"https:\/\/southwesternrecruitment.com\/wp-content\/uploads\/2024\/04\/Screenshot-2024-04-08-at-15.55.53.png","width":1101,"height":563,"caption":"Avaleht, v\u00e4rbamispartner"}]}},"_links":{"self":[{"href":"https:\/\/southwesternrecruitment.com\/lv\/wp-json\/wp\/v2\/pages\/1206","targetHints":{"allow":["GET"]}}],"collection":[{"href":"https:\/\/southwesternrecruitment.com\/lv\/wp-json\/wp\/v2\/pages"}],"about":[{"href":"https:\/\/southwesternrecruitment.com\/lv\/wp-json\/wp\/v2\/types\/page"}],"author":[{"embeddable":true,"href":"https:\/\/southwesternrecruitment.com\/lv\/wp-json\/wp\/v2\/users\/1"}],"replies":[{"embeddable":true,"href":"https:\/\/southwesternrecruitment.com\/lv\/wp-json\/wp\/v2\/comments?post=1206"}],"version-history":[{"count":1,"href":"https:\/\/southwesternrecruitment.com\/lv\/wp-json\/wp\/v2\/pages\/1206\/revisions"}],"predecessor-version":[{"id":3162,"href":"https:\/\/southwesternrecruitment.com\/lv\/wp-json\/wp\/v2\/pages\/1206\/revisions\/3162"}],"wp:featuredmedia":[{"embeddable":true,"href":"https:\/\/southwesternrecruitment.com\/lv\/wp-json\/wp\/v2\/media\/1198"}],"wp:attachment":[{"href":"https:\/\/southwesternrecruitment.com\/lv\/wp-json\/wp\/v2\/media?parent=1206"}],"curies":[{"name":"wp","href":"https:\/\/api.w.org\/{rel}","templated":true}]}}