{"id":1214,"date":"2024-03-28T10:01:14","date_gmt":"2024-03-28T07:01:14","guid":{"rendered":"https:\/\/southwesternrecruitment.com\/par-mums\/"},"modified":"2025-06-09T09:39:25","modified_gmt":"2025-06-09T06:39:25","slug":"par-mums","status":"publish","type":"page","link":"https:\/\/southwesternrecruitment.com\/lv\/par-mums\/","title":{"rendered":"Par mums"},"content":{"rendered":"","protected":false},"excerpt":{"rendered":"","protected":false},"author":1,"featured_media":1706,"parent":0,"menu_order":0,"comment_status":"closed","ping_status":"closed","template":"templates\/about-us.php","meta":{"_acf_changed":false,"footnotes":""},"class_list":["post-1214","page","type-page","status-publish","has-post-thumbnail","hentry"],"acf":[],"yoast_head":"<!-- This site is optimized with the Yoast SEO plugin v27.3 - https:\/\/yoast.com\/product\/yoast-seo-wordpress\/ -->\n<title>Par mums - Southwestern Recruitment<\/title>\n<meta name=\"description\" content=\"Southwestern Recruitment komanda sast\u0101v no septi\u0146iem augsti kvalific\u0113tiem profesion\u0101\u013ciem, katram no kuriem ir sava specializ\u0101cijas joma.\" \/>\n<meta name=\"robots\" content=\"index, follow, max-snippet:-1, max-image-preview:large, max-video-preview:-1\" \/>\n<link rel=\"canonical\" href=\"https:\/\/southwesternrecruitment.com\/lv\/par-mums\/\" \/>\n<meta property=\"og:locale\" content=\"lv_LV\" \/>\n<meta property=\"og:type\" content=\"article\" \/>\n<meta property=\"og:title\" content=\"Par mums - Southwestern Recruitment\" \/>\n<meta property=\"og:description\" content=\"Southwestern Recruitment komanda sast\u0101v no septi\u0146iem augsti kvalific\u0113tiem profesion\u0101\u013ciem, katram no kuriem ir sava specializ\u0101cijas joma.\" \/>\n<meta property=\"og:url\" content=\"https:\/\/southwesternrecruitment.com\/lv\/par-mums\/\" \/>\n<meta property=\"og:site_name\" content=\"Southwestern Recruitment\" \/>\n<meta property=\"article:modified_time\" content=\"2025-06-09T06:39:25+00:00\" \/>\n<meta property=\"og:image\" content=\"https:\/\/southwesternrecruitment.com\/wp-content\/uploads\/2025\/03\/SWR-0454-scaled.jpg\" \/>\n\t<meta property=\"og:image:width\" content=\"2560\" \/>\n\t<meta property=\"og:image:height\" content=\"1707\" \/>\n\t<meta property=\"og:image:type\" content=\"image\/jpeg\" \/>\n<meta name=\"twitter:card\" content=\"summary_large_image\" \/>\n<meta name=\"twitter:label1\" content=\"Est. reading time\" \/>\n\t<meta name=\"twitter:data1\" content=\"2 minutes\" \/>\n<script type=\"application\/ld+json\" class=\"yoast-schema-graph\">{\"@context\":\"https:\\\/\\\/schema.org\",\"@graph\":[{\"@type\":\"ImageObject\",\"inLanguage\":\"lv-LV\",\"@id\":\"https:\\\/\\\/southwesternrecruitment.com\\\/lv\\\/par-mums\\\/#primaryimage\",\"url\":\"https:\\\/\\\/southwesternrecruitment.com\\\/wp-content\\\/uploads\\\/2025\\\/03\\\/SWR-0454-scaled.jpg\",\"contentUrl\":\"https:\\\/\\\/southwesternrecruitment.com\\\/wp-content\\\/uploads\\\/2025\\\/03\\\/SWR-0454-scaled.jpg\",\"width\":2560,\"height\":1707,\"caption\":\"valdkonna spetsialistid, meeskond specializ\u0101cijas joma.\"}]}<\/script>\n<!-- \/ Yoast SEO plugin. -->","yoast_head_json":{"title":"Par mums - Southwestern Recruitment","description":"Southwestern Recruitment komanda sast\u0101v no septi\u0146iem augsti kvalific\u0113tiem profesion\u0101\u013ciem, katram no kuriem ir sava specializ\u0101cijas joma.","robots":{"index":"index","follow":"follow","max-snippet":"max-snippet:-1","max-image-preview":"max-image-preview:large","max-video-preview":"max-video-preview:-1"},"canonical":"https:\/\/southwesternrecruitment.com\/lv\/par-mums\/","og_locale":"lv_LV","og_type":"article","og_title":"Par mums - Southwestern Recruitment","og_description":"Southwestern Recruitment komanda sast\u0101v no septi\u0146iem augsti kvalific\u0113tiem profesion\u0101\u013ciem, katram no kuriem ir sava specializ\u0101cijas joma.","og_url":"https:\/\/southwesternrecruitment.com\/lv\/par-mums\/","og_site_name":"Southwestern Recruitment","article_modified_time":"2025-06-09T06:39:25+00:00","og_image":[{"width":2560,"height":1707,"url":"https:\/\/southwesternrecruitment.com\/wp-content\/uploads\/2025\/03\/SWR-0454-scaled.jpg","type":"image\/jpeg"}],"twitter_card":"summary_large_image","twitter_misc":{"Est. reading time":"2 minutes"},"schema":{"@context":"https:\/\/schema.org","@graph":[{"@type":"ImageObject","inLanguage":"lv-LV","@id":"https:\/\/southwesternrecruitment.com\/lv\/par-mums\/#primaryimage","url":"https:\/\/southwesternrecruitment.com\/wp-content\/uploads\/2025\/03\/SWR-0454-scaled.jpg","contentUrl":"https:\/\/southwesternrecruitment.com\/wp-content\/uploads\/2025\/03\/SWR-0454-scaled.jpg","width":2560,"height":1707,"caption":"valdkonna spetsialistid, meeskond specializ\u0101cijas joma."}]}},"_links":{"self":[{"href":"https:\/\/southwesternrecruitment.com\/lv\/wp-json\/wp\/v2\/pages\/1214","targetHints":{"allow":["GET"]}}],"collection":[{"href":"https:\/\/southwesternrecruitment.com\/lv\/wp-json\/wp\/v2\/pages"}],"about":[{"href":"https:\/\/southwesternrecruitment.com\/lv\/wp-json\/wp\/v2\/types\/page"}],"author":[{"embeddable":true,"href":"https:\/\/southwesternrecruitment.com\/lv\/wp-json\/wp\/v2\/users\/1"}],"replies":[{"embeddable":true,"href":"https:\/\/southwesternrecruitment.com\/lv\/wp-json\/wp\/v2\/comments?post=1214"}],"version-history":[{"count":0,"href":"https:\/\/southwesternrecruitment.com\/lv\/wp-json\/wp\/v2\/pages\/1214\/revisions"}],"wp:featuredmedia":[{"embeddable":true,"href":"https:\/\/southwesternrecruitment.com\/lv\/wp-json\/wp\/v2\/media\/1706"}],"wp:attachment":[{"href":"https:\/\/southwesternrecruitment.com\/lv\/wp-json\/wp\/v2\/media?parent=1214"}],"curies":[{"name":"wp","href":"https:\/\/api.w.org\/{rel}","templated":true}]}}