{"id":1281,"date":"2024-04-02T13:07:47","date_gmt":"2024-04-02T10:07:47","guid":{"rendered":"https:\/\/southwesternrecruitment.com\/nodalas\/"},"modified":"2026-01-22T12:30:33","modified_gmt":"2026-01-22T09:30:33","slug":"nodalas","status":"publish","type":"page","link":"https:\/\/southwesternrecruitment.com\/lv\/nodalas\/","title":{"rendered":"Noda\u013cas"},"content":{"rendered":"","protected":false},"excerpt":{"rendered":"","protected":false},"author":1,"featured_media":0,"parent":0,"menu_order":0,"comment_status":"closed","ping_status":"closed","template":"templates\/departments.php","meta":{"_acf_changed":false,"footnotes":""},"class_list":["post-1281","page","type-page","status-publish","hentry"],"acf":[],"yoast_head":"<!-- This site is optimized with the Yoast SEO plugin v27.3 - https:\/\/yoast.com\/product\/yoast-seo-wordpress\/ -->\n<title>Noda\u013cas - Southwestern Recruitment<\/title>\n<meta name=\"description\" content=\"Katrs m\u016bsu person\u0101la atlases speci\u0101lists specializ\u0113jas konkr\u0113t\u0101s noda\u013cas, uzturot pla\u0161u augsta l\u012bme\u0146a speci\u0101listu un vad\u012bt\u0101ju t\u012bklu\" \/>\n<meta name=\"robots\" content=\"index, follow, max-snippet:-1, max-image-preview:large, max-video-preview:-1\" \/>\n<link rel=\"canonical\" href=\"https:\/\/southwesternrecruitment.com\/lv\/nodalas\/\" \/>\n<meta property=\"og:locale\" content=\"lv_LV\" \/>\n<meta property=\"og:type\" content=\"article\" \/>\n<meta property=\"og:title\" content=\"Noda\u013cas - Southwestern Recruitment\" \/>\n<meta property=\"og:description\" content=\"Katrs m\u016bsu person\u0101la atlases speci\u0101lists specializ\u0113jas konkr\u0113t\u0101s noda\u013cas, uzturot pla\u0161u augsta l\u012bme\u0146a speci\u0101listu un vad\u012bt\u0101ju t\u012bklu\" \/>\n<meta property=\"og:url\" content=\"https:\/\/southwesternrecruitment.com\/lv\/nodalas\/\" \/>\n<meta property=\"og:site_name\" content=\"Southwestern Recruitment\" \/>\n<meta property=\"article:modified_time\" content=\"2026-01-22T09:30:33+00:00\" \/>\n<meta name=\"twitter:card\" content=\"summary_large_image\" \/>\n<meta name=\"twitter:label1\" content=\"Est. reading time\" \/>\n\t<meta name=\"twitter:data1\" content=\"19 minutes\" \/>\n<script type=\"application\/ld+json\" class=\"yoast-schema-graph\">{\"@context\":\"https:\\\/\\\/schema.org\",\"@graph\":[]}<\/script>\n<!-- \/ Yoast SEO plugin. -->","yoast_head_json":{"title":"Noda\u013cas - Southwestern Recruitment","description":"Katrs m\u016bsu person\u0101la atlases speci\u0101lists specializ\u0113jas konkr\u0113t\u0101s noda\u013cas, uzturot pla\u0161u augsta l\u012bme\u0146a speci\u0101listu un vad\u012bt\u0101ju t\u012bklu","robots":{"index":"index","follow":"follow","max-snippet":"max-snippet:-1","max-image-preview":"max-image-preview:large","max-video-preview":"max-video-preview:-1"},"canonical":"https:\/\/southwesternrecruitment.com\/lv\/nodalas\/","og_locale":"lv_LV","og_type":"article","og_title":"Noda\u013cas - Southwestern Recruitment","og_description":"Katrs m\u016bsu person\u0101la atlases speci\u0101lists specializ\u0113jas konkr\u0113t\u0101s noda\u013cas, uzturot pla\u0161u augsta l\u012bme\u0146a speci\u0101listu un vad\u012bt\u0101ju t\u012bklu","og_url":"https:\/\/southwesternrecruitment.com\/lv\/nodalas\/","og_site_name":"Southwestern Recruitment","article_modified_time":"2026-01-22T09:30:33+00:00","twitter_card":"summary_large_image","twitter_misc":{"Est. reading time":"19 minutes"},"schema":{"@context":"https:\/\/schema.org","@graph":[]}},"_links":{"self":[{"href":"https:\/\/southwesternrecruitment.com\/lv\/wp-json\/wp\/v2\/pages\/1281","targetHints":{"allow":["GET"]}}],"collection":[{"href":"https:\/\/southwesternrecruitment.com\/lv\/wp-json\/wp\/v2\/pages"}],"about":[{"href":"https:\/\/southwesternrecruitment.com\/lv\/wp-json\/wp\/v2\/types\/page"}],"author":[{"embeddable":true,"href":"https:\/\/southwesternrecruitment.com\/lv\/wp-json\/wp\/v2\/users\/1"}],"replies":[{"embeddable":true,"href":"https:\/\/southwesternrecruitment.com\/lv\/wp-json\/wp\/v2\/comments?post=1281"}],"version-history":[{"count":1,"href":"https:\/\/southwesternrecruitment.com\/lv\/wp-json\/wp\/v2\/pages\/1281\/revisions"}],"predecessor-version":[{"id":3260,"href":"https:\/\/southwesternrecruitment.com\/lv\/wp-json\/wp\/v2\/pages\/1281\/revisions\/3260"}],"wp:attachment":[{"href":"https:\/\/southwesternrecruitment.com\/lv\/wp-json\/wp\/v2\/media?parent=1281"}],"curies":[{"name":"wp","href":"https:\/\/api.w.org\/{rel}","templated":true}]}}