{"id":1420,"date":"2024-04-01T10:19:40","date_gmt":"2024-04-01T07:19:40","guid":{"rendered":"https:\/\/southwesternrecruitment.com\/kontakti\/"},"modified":"2025-05-28T16:15:58","modified_gmt":"2025-05-28T13:15:58","slug":"kontakti","status":"publish","type":"page","link":"https:\/\/southwesternrecruitment.com\/lv\/kontakti\/","title":{"rendered":"Kontakti"},"content":{"rendered":"","protected":false},"excerpt":{"rendered":"","protected":false},"author":1,"featured_media":2548,"parent":0,"menu_order":0,"comment_status":"closed","ping_status":"closed","template":"templates\/contact.php","meta":{"_acf_changed":false,"footnotes":""},"class_list":["post-1420","page","type-page","status-publish","has-post-thumbnail","hentry"],"acf":[],"yoast_head":"<!-- This site is optimized with the Yoast SEO plugin v27.3 - https:\/\/yoast.com\/product\/yoast-seo-wordpress\/ -->\n<title>Kontakti - Southwestern Recruitment<\/title>\n<meta name=\"description\" content=\"Iepaz\u012bsimies \u2013 uzzini, k\u0101 Southwestern Recruitment pal\u012bdz uz\u0146\u0113mumiem atrast piem\u0113rot\u0101kos talantus ar strat\u0113\u0123isku pieeju person\u0101la atlasei.\" \/>\n<meta name=\"robots\" content=\"index, follow, max-snippet:-1, max-image-preview:large, max-video-preview:-1\" \/>\n<link rel=\"canonical\" href=\"https:\/\/southwesternrecruitment.com\/lv\/kontakti\/\" \/>\n<meta property=\"og:locale\" content=\"lv_LV\" \/>\n<meta property=\"og:type\" content=\"article\" \/>\n<meta property=\"og:title\" content=\"Kontakti - Southwestern Recruitment\" \/>\n<meta property=\"og:description\" content=\"Iepaz\u012bsimies \u2013 uzzini, k\u0101 Southwestern Recruitment pal\u012bdz uz\u0146\u0113mumiem atrast piem\u0113rot\u0101kos talantus ar strat\u0113\u0123isku pieeju person\u0101la atlasei.\" \/>\n<meta property=\"og:url\" content=\"https:\/\/southwesternrecruitment.com\/lv\/kontakti\/\" \/>\n<meta property=\"og:site_name\" content=\"Southwestern Recruitment\" \/>\n<meta property=\"article:modified_time\" content=\"2025-05-28T13:15:58+00:00\" \/>\n<meta property=\"og:image\" content=\"https:\/\/southwesternrecruitment.com\/wp-content\/uploads\/2025\/05\/SWR-0419-scaled.jpg\" \/>\n\t<meta property=\"og:image:width\" content=\"2560\" \/>\n\t<meta property=\"og:image:height\" content=\"1707\" \/>\n\t<meta property=\"og:image:type\" content=\"image\/jpeg\" \/>\n<meta name=\"twitter:card\" content=\"summary_large_image\" \/>\n<meta name=\"twitter:label1\" content=\"Est. reading time\" \/>\n\t<meta name=\"twitter:data1\" content=\"2 minutes\" \/>\n<script type=\"application\/ld+json\" class=\"yoast-schema-graph\">{\"@context\":\"https:\\\/\\\/schema.org\",\"@graph\":[{\"@type\":\"ImageObject\",\"inLanguage\":\"lv-LV\",\"@id\":\"https:\\\/\\\/southwesternrecruitment.com\\\/lv\\\/kontakti\\\/#primaryimage\",\"url\":\"https:\\\/\\\/southwesternrecruitment.com\\\/wp-content\\\/uploads\\\/2025\\\/05\\\/SWR-0419-scaled.jpg\",\"contentUrl\":\"https:\\\/\\\/southwesternrecruitment.com\\\/wp-content\\\/uploads\\\/2025\\\/05\\\/SWR-0419-scaled.jpg\",\"width\":2560,\"height\":1707,\"caption\":\"iepaz\u012bsimies saame tuttavaks kontakt southwestern recruitment\"}]}<\/script>\n<!-- \/ Yoast SEO plugin. -->","yoast_head_json":{"title":"Kontakti - Southwestern Recruitment","description":"Iepaz\u012bsimies \u2013 uzzini, k\u0101 Southwestern Recruitment pal\u012bdz uz\u0146\u0113mumiem atrast piem\u0113rot\u0101kos talantus ar strat\u0113\u0123isku pieeju person\u0101la atlasei.","robots":{"index":"index","follow":"follow","max-snippet":"max-snippet:-1","max-image-preview":"max-image-preview:large","max-video-preview":"max-video-preview:-1"},"canonical":"https:\/\/southwesternrecruitment.com\/lv\/kontakti\/","og_locale":"lv_LV","og_type":"article","og_title":"Kontakti - Southwestern Recruitment","og_description":"Iepaz\u012bsimies \u2013 uzzini, k\u0101 Southwestern Recruitment pal\u012bdz uz\u0146\u0113mumiem atrast piem\u0113rot\u0101kos talantus ar strat\u0113\u0123isku pieeju person\u0101la atlasei.","og_url":"https:\/\/southwesternrecruitment.com\/lv\/kontakti\/","og_site_name":"Southwestern Recruitment","article_modified_time":"2025-05-28T13:15:58+00:00","og_image":[{"width":2560,"height":1707,"url":"https:\/\/southwesternrecruitment.com\/wp-content\/uploads\/2025\/05\/SWR-0419-scaled.jpg","type":"image\/jpeg"}],"twitter_card":"summary_large_image","twitter_misc":{"Est. reading time":"2 minutes"},"schema":{"@context":"https:\/\/schema.org","@graph":[{"@type":"ImageObject","inLanguage":"lv-LV","@id":"https:\/\/southwesternrecruitment.com\/lv\/kontakti\/#primaryimage","url":"https:\/\/southwesternrecruitment.com\/wp-content\/uploads\/2025\/05\/SWR-0419-scaled.jpg","contentUrl":"https:\/\/southwesternrecruitment.com\/wp-content\/uploads\/2025\/05\/SWR-0419-scaled.jpg","width":2560,"height":1707,"caption":"iepaz\u012bsimies saame tuttavaks kontakt southwestern recruitment"}]}},"_links":{"self":[{"href":"https:\/\/southwesternrecruitment.com\/lv\/wp-json\/wp\/v2\/pages\/1420","targetHints":{"allow":["GET"]}}],"collection":[{"href":"https:\/\/southwesternrecruitment.com\/lv\/wp-json\/wp\/v2\/pages"}],"about":[{"href":"https:\/\/southwesternrecruitment.com\/lv\/wp-json\/wp\/v2\/types\/page"}],"author":[{"embeddable":true,"href":"https:\/\/southwesternrecruitment.com\/lv\/wp-json\/wp\/v2\/users\/1"}],"replies":[{"embeddable":true,"href":"https:\/\/southwesternrecruitment.com\/lv\/wp-json\/wp\/v2\/comments?post=1420"}],"version-history":[{"count":0,"href":"https:\/\/southwesternrecruitment.com\/lv\/wp-json\/wp\/v2\/pages\/1420\/revisions"}],"wp:featuredmedia":[{"embeddable":true,"href":"https:\/\/southwesternrecruitment.com\/lv\/wp-json\/wp\/v2\/media\/2548"}],"wp:attachment":[{"href":"https:\/\/southwesternrecruitment.com\/lv\/wp-json\/wp\/v2\/media?parent=1420"}],"curies":[{"name":"wp","href":"https:\/\/api.w.org\/{rel}","templated":true}]}}