{"id":1958,"date":"2024-03-27T08:00:59","date_gmt":"2024-03-27T05:00:59","guid":{"rendered":"https:\/\/southwesternrecruitment.com\/strona-glowna\/"},"modified":"2025-11-20T14:17:57","modified_gmt":"2025-11-20T11:17:57","slug":"strona-glowna","status":"publish","type":"page","link":"https:\/\/southwesternrecruitment.com\/pl\/","title":{"rendered":"Strona g\u0142\u00f3wna"},"content":{"rendered":"","protected":false},"excerpt":{"rendered":"","protected":false},"author":1,"featured_media":2021,"parent":0,"menu_order":0,"comment_status":"closed","ping_status":"closed","template":"templates\/homepage.php","meta":{"_acf_changed":false,"footnotes":""},"class_list":["post-1958","page","type-page","status-publish","has-post-thumbnail","hentry"],"acf":[],"yoast_head":"<!-- This site is optimized with the Yoast SEO plugin v27.3 - https:\/\/yoast.com\/product\/yoast-seo-wordpress\/ -->\n<title>Strona g\u0142\u00f3wna - Southwestern Recruitment<\/title>\n<meta name=\"description\" content=\"Tw\u00f3j partner rekrutacyjny w Europie! Znajdziemy dla Twojej firmy najlepszych specjalist\u00f3w i mened\u017cer\u00f3w zar\u00f3wno w Estonii, jak i za granic\u0105.\" \/>\n<meta name=\"robots\" content=\"index, follow, max-snippet:-1, max-image-preview:large, max-video-preview:-1\" \/>\n<link rel=\"canonical\" href=\"https:\/\/southwesternrecruitment.com\/pl\/\" \/>\n<meta property=\"og:locale\" content=\"pl_PL\" \/>\n<meta property=\"og:type\" content=\"article\" \/>\n<meta property=\"og:title\" content=\"Strona g\u0142\u00f3wna - Southwestern Recruitment\" \/>\n<meta property=\"og:description\" content=\"Tw\u00f3j partner rekrutacyjny w Europie! Znajdziemy dla Twojej firmy najlepszych specjalist\u00f3w i mened\u017cer\u00f3w zar\u00f3wno w Estonii, jak i za granic\u0105.\" \/>\n<meta property=\"og:url\" content=\"https:\/\/southwesternrecruitment.com\/pl\/\" \/>\n<meta property=\"og:site_name\" content=\"Southwestern Recruitment\" \/>\n<meta property=\"article:modified_time\" content=\"2025-11-20T11:17:57+00:00\" \/>\n<meta property=\"og:image\" content=\"https:\/\/southwesternrecruitment.com\/wp-content\/uploads\/2024\/04\/Screenshot-2024-04-08-at-15.55.53.png\" \/>\n\t<meta property=\"og:image:width\" content=\"1101\" \/>\n\t<meta property=\"og:image:height\" content=\"563\" \/>\n\t<meta property=\"og:image:type\" content=\"image\/png\" \/>\n<meta name=\"twitter:card\" content=\"summary_large_image\" \/>\n<meta name=\"twitter:label1\" content=\"Est. reading time\" \/>\n\t<meta name=\"twitter:data1\" content=\"13 minutes\" \/>\n<script type=\"application\/ld+json\" class=\"yoast-schema-graph\">{\"@context\":\"https:\\\/\\\/schema.org\",\"@graph\":[{\"@type\":\"ImageObject\",\"inLanguage\":\"pl-PL\",\"@id\":\"https:\\\/\\\/southwesternrecruitment.com\\\/pl\\\/#primaryimage\",\"url\":\"https:\\\/\\\/southwesternrecruitment.com\\\/wp-content\\\/uploads\\\/2024\\\/04\\\/Screenshot-2024-04-08-at-15.55.53.png\",\"contentUrl\":\"https:\\\/\\\/southwesternrecruitment.com\\\/wp-content\\\/uploads\\\/2024\\\/04\\\/Screenshot-2024-04-08-at-15.55.53.png\",\"width\":1101,\"height\":563,\"caption\":\"v\u00e4rbamispartner Southwestern Recruitment\"}]}<\/script>\n<!-- \/ Yoast SEO plugin. -->","yoast_head_json":{"title":"Strona g\u0142\u00f3wna - Southwestern Recruitment","description":"Tw\u00f3j partner rekrutacyjny w Europie! Znajdziemy dla Twojej firmy najlepszych specjalist\u00f3w i mened\u017cer\u00f3w zar\u00f3wno w Estonii, jak i za granic\u0105.","robots":{"index":"index","follow":"follow","max-snippet":"max-snippet:-1","max-image-preview":"max-image-preview:large","max-video-preview":"max-video-preview:-1"},"canonical":"https:\/\/southwesternrecruitment.com\/pl\/","og_locale":"pl_PL","og_type":"article","og_title":"Strona g\u0142\u00f3wna - Southwestern Recruitment","og_description":"Tw\u00f3j partner rekrutacyjny w Europie! Znajdziemy dla Twojej firmy najlepszych specjalist\u00f3w i mened\u017cer\u00f3w zar\u00f3wno w Estonii, jak i za granic\u0105.","og_url":"https:\/\/southwesternrecruitment.com\/pl\/","og_site_name":"Southwestern Recruitment","article_modified_time":"2025-11-20T11:17:57+00:00","og_image":[{"width":1101,"height":563,"url":"https:\/\/southwesternrecruitment.com\/wp-content\/uploads\/2024\/04\/Screenshot-2024-04-08-at-15.55.53.png","type":"image\/png"}],"twitter_card":"summary_large_image","twitter_misc":{"Est. reading time":"13 minutes"},"schema":{"@context":"https:\/\/schema.org","@graph":[{"@type":"ImageObject","inLanguage":"pl-PL","@id":"https:\/\/southwesternrecruitment.com\/pl\/#primaryimage","url":"https:\/\/southwesternrecruitment.com\/wp-content\/uploads\/2024\/04\/Screenshot-2024-04-08-at-15.55.53.png","contentUrl":"https:\/\/southwesternrecruitment.com\/wp-content\/uploads\/2024\/04\/Screenshot-2024-04-08-at-15.55.53.png","width":1101,"height":563,"caption":"v\u00e4rbamispartner Southwestern Recruitment"}]}},"_links":{"self":[{"href":"https:\/\/southwesternrecruitment.com\/pl\/wp-json\/wp\/v2\/pages\/1958","targetHints":{"allow":["GET"]}}],"collection":[{"href":"https:\/\/southwesternrecruitment.com\/pl\/wp-json\/wp\/v2\/pages"}],"about":[{"href":"https:\/\/southwesternrecruitment.com\/pl\/wp-json\/wp\/v2\/types\/page"}],"author":[{"embeddable":true,"href":"https:\/\/southwesternrecruitment.com\/pl\/wp-json\/wp\/v2\/users\/1"}],"replies":[{"embeddable":true,"href":"https:\/\/southwesternrecruitment.com\/pl\/wp-json\/wp\/v2\/comments?post=1958"}],"version-history":[{"count":1,"href":"https:\/\/southwesternrecruitment.com\/pl\/wp-json\/wp\/v2\/pages\/1958\/revisions"}],"predecessor-version":[{"id":3165,"href":"https:\/\/southwesternrecruitment.com\/pl\/wp-json\/wp\/v2\/pages\/1958\/revisions\/3165"}],"wp:featuredmedia":[{"embeddable":true,"href":"https:\/\/southwesternrecruitment.com\/pl\/wp-json\/wp\/v2\/media\/2021"}],"wp:attachment":[{"href":"https:\/\/southwesternrecruitment.com\/pl\/wp-json\/wp\/v2\/media?parent=1958"}],"curies":[{"name":"wp","href":"https:\/\/api.w.org\/{rel}","templated":true}]}}