{"id":2032,"date":"2024-03-28T10:01:14","date_gmt":"2024-03-28T07:01:14","guid":{"rendered":"https:\/\/southwesternrecruitment.com\/o-nas\/"},"modified":"2025-06-09T09:39:40","modified_gmt":"2025-06-09T06:39:40","slug":"o-nas","status":"publish","type":"page","link":"https:\/\/southwesternrecruitment.com\/pl\/o-nas\/","title":{"rendered":"O nas"},"content":{"rendered":"","protected":false},"excerpt":{"rendered":"","protected":false},"author":1,"featured_media":2498,"parent":0,"menu_order":0,"comment_status":"closed","ping_status":"closed","template":"templates\/about-us.php","meta":{"_acf_changed":false,"footnotes":""},"class_list":["post-2032","page","type-page","status-publish","has-post-thumbnail","hentry"],"acf":[],"yoast_head":"<!-- This site is optimized with the Yoast SEO plugin v27.3 - https:\/\/yoast.com\/product\/yoast-seo-wordpress\/ -->\n<title>O nas - Southwestern Recruitment<\/title>\n<meta name=\"description\" content=\"W zespole Southwestern Recruitment znajduj\u0105 si\u0119 wysoko wykwalifikowani specjali\u015bci z bran\u017cy, a ka\u017cdy rekruter jest ekspertem w swojej dziedzinie.\" \/>\n<meta name=\"robots\" content=\"index, follow, max-snippet:-1, max-image-preview:large, max-video-preview:-1\" \/>\n<link rel=\"canonical\" href=\"https:\/\/southwesternrecruitment.com\/pl\/o-nas\/\" \/>\n<meta property=\"og:locale\" content=\"pl_PL\" \/>\n<meta property=\"og:type\" content=\"article\" \/>\n<meta property=\"og:title\" content=\"O nas - Southwestern Recruitment\" \/>\n<meta property=\"og:description\" content=\"W zespole Southwestern Recruitment znajduj\u0105 si\u0119 wysoko wykwalifikowani specjali\u015bci z bran\u017cy, a ka\u017cdy rekruter jest ekspertem w swojej dziedzinie.\" \/>\n<meta property=\"og:url\" content=\"https:\/\/southwesternrecruitment.com\/pl\/o-nas\/\" \/>\n<meta property=\"og:site_name\" content=\"Southwestern Recruitment\" \/>\n<meta property=\"article:modified_time\" content=\"2025-06-09T06:39:40+00:00\" \/>\n<meta property=\"og:image\" content=\"https:\/\/southwesternrecruitment.com\/wp-content\/uploads\/2025\/03\/SWR-0454-scaled.jpg\" \/>\n\t<meta property=\"og:image:width\" content=\"2560\" \/>\n\t<meta property=\"og:image:height\" content=\"1707\" \/>\n\t<meta property=\"og:image:type\" content=\"image\/jpeg\" \/>\n<meta name=\"twitter:card\" content=\"summary_large_image\" \/>\n<meta name=\"twitter:label1\" content=\"Est. reading time\" \/>\n\t<meta name=\"twitter:data1\" content=\"4 minutes\" \/>\n<script type=\"application\/ld+json\" class=\"yoast-schema-graph\">{\"@context\":\"https:\\\/\\\/schema.org\",\"@graph\":[{\"@type\":\"ImageObject\",\"inLanguage\":\"pl-PL\",\"@id\":\"https:\\\/\\\/southwesternrecruitment.com\\\/pl\\\/o-nas\\\/#primaryimage\",\"url\":\"https:\\\/\\\/southwesternrecruitment.com\\\/wp-content\\\/uploads\\\/2025\\\/03\\\/SWR-0454-scaled.jpg\",\"contentUrl\":\"https:\\\/\\\/southwesternrecruitment.com\\\/wp-content\\\/uploads\\\/2025\\\/03\\\/SWR-0454-scaled.jpg\",\"width\":2560,\"height\":1707,\"caption\":\"valdkonna spetsialistid, meeskond meist\"}]}<\/script>\n<!-- \/ Yoast SEO plugin. -->","yoast_head_json":{"title":"O nas - Southwestern Recruitment","description":"W zespole Southwestern Recruitment znajduj\u0105 si\u0119 wysoko wykwalifikowani specjali\u015bci z bran\u017cy, a ka\u017cdy rekruter jest ekspertem w swojej dziedzinie.","robots":{"index":"index","follow":"follow","max-snippet":"max-snippet:-1","max-image-preview":"max-image-preview:large","max-video-preview":"max-video-preview:-1"},"canonical":"https:\/\/southwesternrecruitment.com\/pl\/o-nas\/","og_locale":"pl_PL","og_type":"article","og_title":"O nas - Southwestern Recruitment","og_description":"W zespole Southwestern Recruitment znajduj\u0105 si\u0119 wysoko wykwalifikowani specjali\u015bci z bran\u017cy, a ka\u017cdy rekruter jest ekspertem w swojej dziedzinie.","og_url":"https:\/\/southwesternrecruitment.com\/pl\/o-nas\/","og_site_name":"Southwestern Recruitment","article_modified_time":"2025-06-09T06:39:40+00:00","og_image":[{"width":2560,"height":1707,"url":"https:\/\/southwesternrecruitment.com\/wp-content\/uploads\/2025\/03\/SWR-0454-scaled.jpg","type":"image\/jpeg"}],"twitter_card":"summary_large_image","twitter_misc":{"Est. reading time":"4 minutes"},"schema":{"@context":"https:\/\/schema.org","@graph":[{"@type":"ImageObject","inLanguage":"pl-PL","@id":"https:\/\/southwesternrecruitment.com\/pl\/o-nas\/#primaryimage","url":"https:\/\/southwesternrecruitment.com\/wp-content\/uploads\/2025\/03\/SWR-0454-scaled.jpg","contentUrl":"https:\/\/southwesternrecruitment.com\/wp-content\/uploads\/2025\/03\/SWR-0454-scaled.jpg","width":2560,"height":1707,"caption":"valdkonna spetsialistid, meeskond meist"}]}},"_links":{"self":[{"href":"https:\/\/southwesternrecruitment.com\/pl\/wp-json\/wp\/v2\/pages\/2032","targetHints":{"allow":["GET"]}}],"collection":[{"href":"https:\/\/southwesternrecruitment.com\/pl\/wp-json\/wp\/v2\/pages"}],"about":[{"href":"https:\/\/southwesternrecruitment.com\/pl\/wp-json\/wp\/v2\/types\/page"}],"author":[{"embeddable":true,"href":"https:\/\/southwesternrecruitment.com\/pl\/wp-json\/wp\/v2\/users\/1"}],"replies":[{"embeddable":true,"href":"https:\/\/southwesternrecruitment.com\/pl\/wp-json\/wp\/v2\/comments?post=2032"}],"version-history":[{"count":0,"href":"https:\/\/southwesternrecruitment.com\/pl\/wp-json\/wp\/v2\/pages\/2032\/revisions"}],"wp:featuredmedia":[{"embeddable":true,"href":"https:\/\/southwesternrecruitment.com\/pl\/wp-json\/wp\/v2\/media\/2498"}],"wp:attachment":[{"href":"https:\/\/southwesternrecruitment.com\/pl\/wp-json\/wp\/v2\/media?parent=2032"}],"curies":[{"name":"wp","href":"https:\/\/api.w.org\/{rel}","templated":true}]}}