{"id":2063,"date":"2024-04-02T13:07:47","date_gmt":"2024-04-02T10:07:47","guid":{"rendered":"https:\/\/southwesternrecruitment.com\/dzialy\/"},"modified":"2026-01-22T12:31:58","modified_gmt":"2026-01-22T09:31:58","slug":"dzialy","status":"publish","type":"page","link":"https:\/\/southwesternrecruitment.com\/pl\/dzialy\/","title":{"rendered":"Dzia\u0142y"},"content":{"rendered":"","protected":false},"excerpt":{"rendered":"","protected":false},"author":1,"featured_media":0,"parent":0,"menu_order":0,"comment_status":"closed","ping_status":"closed","template":"templates\/departments.php","meta":{"_acf_changed":false,"footnotes":""},"class_list":["post-2063","page","type-page","status-publish","hentry"],"acf":[],"yoast_head":"<!-- This site is optimized with the Yoast SEO plugin v27.3 - https:\/\/yoast.com\/product\/yoast-seo-wordpress\/ -->\n<title>Dzia\u0142y - Southwestern Recruitment<\/title>\n<meta name=\"description\" content=\"Ka\u017cdy z naszych rekruter\u00f3w specjalizuje si\u0119 w r\u00f3\u017cnych dzia\u0142ach, utrzymuj\u0105c rozleg\u0142e sieci najlepszych specjalist\u00f3w i kandydat\u00f3w\" \/>\n<meta name=\"robots\" content=\"index, follow, max-snippet:-1, max-image-preview:large, max-video-preview:-1\" \/>\n<link rel=\"canonical\" href=\"https:\/\/southwesternrecruitment.com\/pl\/dzialy\/\" \/>\n<meta property=\"og:locale\" content=\"pl_PL\" \/>\n<meta property=\"og:type\" content=\"article\" \/>\n<meta property=\"og:title\" content=\"Dzia\u0142y - Southwestern Recruitment\" \/>\n<meta property=\"og:description\" content=\"Ka\u017cdy z naszych rekruter\u00f3w specjalizuje si\u0119 w r\u00f3\u017cnych dzia\u0142ach, utrzymuj\u0105c rozleg\u0142e sieci najlepszych specjalist\u00f3w i kandydat\u00f3w\" \/>\n<meta property=\"og:url\" content=\"https:\/\/southwesternrecruitment.com\/pl\/dzialy\/\" \/>\n<meta property=\"og:site_name\" content=\"Southwestern Recruitment\" \/>\n<meta property=\"article:modified_time\" content=\"2026-01-22T09:31:58+00:00\" \/>\n<meta name=\"twitter:card\" content=\"summary_large_image\" \/>\n<meta name=\"twitter:label1\" content=\"Est. reading time\" \/>\n\t<meta name=\"twitter:data1\" content=\"19 minutes\" \/>\n<script type=\"application\/ld+json\" class=\"yoast-schema-graph\">{\"@context\":\"https:\\\/\\\/schema.org\",\"@graph\":[]}<\/script>\n<!-- \/ Yoast SEO plugin. -->","yoast_head_json":{"title":"Dzia\u0142y - Southwestern Recruitment","description":"Ka\u017cdy z naszych rekruter\u00f3w specjalizuje si\u0119 w r\u00f3\u017cnych dzia\u0142ach, utrzymuj\u0105c rozleg\u0142e sieci najlepszych specjalist\u00f3w i kandydat\u00f3w","robots":{"index":"index","follow":"follow","max-snippet":"max-snippet:-1","max-image-preview":"max-image-preview:large","max-video-preview":"max-video-preview:-1"},"canonical":"https:\/\/southwesternrecruitment.com\/pl\/dzialy\/","og_locale":"pl_PL","og_type":"article","og_title":"Dzia\u0142y - Southwestern Recruitment","og_description":"Ka\u017cdy z naszych rekruter\u00f3w specjalizuje si\u0119 w r\u00f3\u017cnych dzia\u0142ach, utrzymuj\u0105c rozleg\u0142e sieci najlepszych specjalist\u00f3w i kandydat\u00f3w","og_url":"https:\/\/southwesternrecruitment.com\/pl\/dzialy\/","og_site_name":"Southwestern Recruitment","article_modified_time":"2026-01-22T09:31:58+00:00","twitter_card":"summary_large_image","twitter_misc":{"Est. reading time":"19 minutes"},"schema":{"@context":"https:\/\/schema.org","@graph":[]}},"_links":{"self":[{"href":"https:\/\/southwesternrecruitment.com\/pl\/wp-json\/wp\/v2\/pages\/2063","targetHints":{"allow":["GET"]}}],"collection":[{"href":"https:\/\/southwesternrecruitment.com\/pl\/wp-json\/wp\/v2\/pages"}],"about":[{"href":"https:\/\/southwesternrecruitment.com\/pl\/wp-json\/wp\/v2\/types\/page"}],"author":[{"embeddable":true,"href":"https:\/\/southwesternrecruitment.com\/pl\/wp-json\/wp\/v2\/users\/1"}],"replies":[{"embeddable":true,"href":"https:\/\/southwesternrecruitment.com\/pl\/wp-json\/wp\/v2\/comments?post=2063"}],"version-history":[{"count":1,"href":"https:\/\/southwesternrecruitment.com\/pl\/wp-json\/wp\/v2\/pages\/2063\/revisions"}],"predecessor-version":[{"id":3262,"href":"https:\/\/southwesternrecruitment.com\/pl\/wp-json\/wp\/v2\/pages\/2063\/revisions\/3262"}],"wp:attachment":[{"href":"https:\/\/southwesternrecruitment.com\/pl\/wp-json\/wp\/v2\/media?parent=2063"}],"curies":[{"name":"wp","href":"https:\/\/api.w.org\/{rel}","templated":true}]}}