{"id":2115,"date":"2024-04-02T08:33:05","date_gmt":"2024-04-02T05:33:05","guid":{"rendered":"https:\/\/southwesternrecruitment.com\/dolacz-do-naszej-puli-talentow\/"},"modified":"2025-05-27T15:58:34","modified_gmt":"2025-05-27T12:58:34","slug":"dolacz-do-naszej-puli-talentow-aktywne-poszukiwania","status":"publish","type":"page","link":"https:\/\/southwesternrecruitment.com\/pl\/dolacz-do-naszej-puli-talentow-aktywne-poszukiwania\/","title":{"rendered":"Do\u0142\u0105cz do naszej puli talent\u00f3w"},"content":{"rendered":"","protected":false},"excerpt":{"rendered":"","protected":false},"author":1,"featured_media":0,"parent":0,"menu_order":0,"comment_status":"closed","ping_status":"closed","template":"templates\/talent-pool.php","meta":{"_acf_changed":false,"footnotes":""},"class_list":["post-2115","page","type-page","status-publish","hentry"],"acf":[],"yoast_head":"<!-- This site is optimized with the Yoast SEO plugin v27.3 - https:\/\/yoast.com\/product\/yoast-seo-wordpress\/ -->\n<title>Do\u0142\u0105cz do naszej puli talent\u00f3w - Southwestern Recruitment<\/title>\n<meta name=\"description\" content=\"Wype\u0142nij formularz kandydata na dole strony, a skontaktujemy si\u0119 z Tob\u0105, je\u015bli b\u0119d\u0105 aktywne poszukiwania w Twojej bran\u017cy!\" \/>\n<meta name=\"robots\" content=\"index, follow, max-snippet:-1, max-image-preview:large, max-video-preview:-1\" \/>\n<link rel=\"canonical\" href=\"https:\/\/southwesternrecruitment.com\/pl\/dolacz-do-naszej-puli-talentow-aktywne-poszukiwania\/\" \/>\n<meta property=\"og:locale\" content=\"pl_PL\" \/>\n<meta property=\"og:type\" content=\"article\" \/>\n<meta property=\"og:title\" content=\"Do\u0142\u0105cz do naszej puli talent\u00f3w - Southwestern Recruitment\" \/>\n<meta property=\"og:description\" content=\"Wype\u0142nij formularz kandydata na dole strony, a skontaktujemy si\u0119 z Tob\u0105, je\u015bli b\u0119d\u0105 aktywne poszukiwania w Twojej bran\u017cy!\" \/>\n<meta property=\"og:url\" content=\"https:\/\/southwesternrecruitment.com\/pl\/dolacz-do-naszej-puli-talentow-aktywne-poszukiwania\/\" \/>\n<meta property=\"og:site_name\" content=\"Southwestern Recruitment\" \/>\n<meta property=\"article:modified_time\" content=\"2025-05-27T12:58:34+00:00\" \/>\n<meta name=\"twitter:card\" content=\"summary_large_image\" \/>\n<meta name=\"twitter:label1\" content=\"Est. reading time\" \/>\n\t<meta name=\"twitter:data1\" content=\"1 minute\" \/>\n<script type=\"application\/ld+json\" class=\"yoast-schema-graph\">{\"@context\":\"https:\\\/\\\/schema.org\",\"@graph\":[]}<\/script>\n<!-- \/ Yoast SEO plugin. -->","yoast_head_json":{"title":"Do\u0142\u0105cz do naszej puli talent\u00f3w - Southwestern Recruitment","description":"Wype\u0142nij formularz kandydata na dole strony, a skontaktujemy si\u0119 z Tob\u0105, je\u015bli b\u0119d\u0105 aktywne poszukiwania w Twojej bran\u017cy!","robots":{"index":"index","follow":"follow","max-snippet":"max-snippet:-1","max-image-preview":"max-image-preview:large","max-video-preview":"max-video-preview:-1"},"canonical":"https:\/\/southwesternrecruitment.com\/pl\/dolacz-do-naszej-puli-talentow-aktywne-poszukiwania\/","og_locale":"pl_PL","og_type":"article","og_title":"Do\u0142\u0105cz do naszej puli talent\u00f3w - Southwestern Recruitment","og_description":"Wype\u0142nij formularz kandydata na dole strony, a skontaktujemy si\u0119 z Tob\u0105, je\u015bli b\u0119d\u0105 aktywne poszukiwania w Twojej bran\u017cy!","og_url":"https:\/\/southwesternrecruitment.com\/pl\/dolacz-do-naszej-puli-talentow-aktywne-poszukiwania\/","og_site_name":"Southwestern Recruitment","article_modified_time":"2025-05-27T12:58:34+00:00","twitter_card":"summary_large_image","twitter_misc":{"Est. reading time":"1 minute"},"schema":{"@context":"https:\/\/schema.org","@graph":[]}},"_links":{"self":[{"href":"https:\/\/southwesternrecruitment.com\/pl\/wp-json\/wp\/v2\/pages\/2115","targetHints":{"allow":["GET"]}}],"collection":[{"href":"https:\/\/southwesternrecruitment.com\/pl\/wp-json\/wp\/v2\/pages"}],"about":[{"href":"https:\/\/southwesternrecruitment.com\/pl\/wp-json\/wp\/v2\/types\/page"}],"author":[{"embeddable":true,"href":"https:\/\/southwesternrecruitment.com\/pl\/wp-json\/wp\/v2\/users\/1"}],"replies":[{"embeddable":true,"href":"https:\/\/southwesternrecruitment.com\/pl\/wp-json\/wp\/v2\/comments?post=2115"}],"version-history":[{"count":0,"href":"https:\/\/southwesternrecruitment.com\/pl\/wp-json\/wp\/v2\/pages\/2115\/revisions"}],"wp:attachment":[{"href":"https:\/\/southwesternrecruitment.com\/pl\/wp-json\/wp\/v2\/media?parent=2115"}],"curies":[{"name":"wp","href":"https:\/\/api.w.org\/{rel}","templated":true}]}}